{"id":951,"date":"2024-12-30T10:30:53","date_gmt":"2024-12-30T10:30:53","guid":{"rendered":"https:\/\/lamismarketing.com\/?page_id=951"},"modified":"2026-04-06T08:53:57","modified_gmt":"2026-04-06T08:53:57","slug":"our-team","status":"publish","type":"page","link":"https:\/\/lamismarketing.com\/fr\/our-team\/","title":{"rendered":"Notre \u00c9quipe"},"content":{"rendered":"<div data-elementor-type=\"wp-page\" data-elementor-id=\"951\" class=\"elementor elementor-951\" data-elementor-post-type=\"page\">\n\t\t\t\t\t\t<section class=\"elementor-section elementor-top-section elementor-element elementor-element-211df557 elementor-section-content-middle elementor-section-boxed elementor-section-height-default elementor-section-height-default\" data-id=\"211df557\" data-element_type=\"section\" data-e-type=\"section\" data-settings=\"{&quot;ekit_has_onepagescroll_dot&quot;:&quot;yes&quot;}\">\n\t\t\t\t\t\t<div class=\"elementor-container elementor-column-gap-default\">\n\t\t\t\t\t<div class=\"elementor-column elementor-col-100 elementor-top-column elementor-element elementor-element-24be646\" data-id=\"24be646\" data-element_type=\"column\" data-e-type=\"column\">\n\t\t\t<div class=\"elementor-widget-wrap elementor-element-populated\">\n\t\t\t\t\t\t<div class=\"elementor-element elementor-element-2e0e7ad5 elementor-widget__width-initial elementor-invisible elementor-widget elementor-widget-elementskit-heading\" data-id=\"2e0e7ad5\" data-element_type=\"widget\" data-e-type=\"widget\" data-settings=\"{&quot;_animation&quot;:&quot;fadeInDown&quot;,&quot;ekit_we_effect_on&quot;:&quot;none&quot;}\" data-widget_type=\"elementskit-heading.default\">\n\t\t\t\t\t<div class=\"ekit-wid-con\" ><div class=\"ekit-heading elementskit-section-title-wraper text_center   ekit_heading_tablet-   ekit_heading_mobile-\"><h3 class=\"elementskit-section-subtitle  elementskit-style-border\">\n\t\t\t\t\t\t\u00c9quipe\n\t\t\t\t\t<\/h3><h2 class=\"ekit-heading--title elementskit-section-title\">Rencontrez les membres honorables<\/h2>\t\t\t\t<div class='ekit-heading__description'>\n\t\t\t\t\t<p>Notre \u00e9quipe est compos\u00e9e d'un groupe d\u00e9di\u00e9 d'experts sp\u00e9cialis\u00e9s dans le marketing des destinations touristiques. Anim\u00e9s par une passion commune pour transformer les lieux en p\u00f4les touristiques florissants, nous le faisons gr\u00e2ce \u00e0 des strat\u00e9gies de marketing innovantes et globales, adapt\u00e9es aux besoins de nos clients. Avec une vaste exp\u00e9rience dans la gestion des op\u00e9rations et conseil, notre \u00e9quipe fournit des solutions pratiques et percutantes qui permettent \u00e0 nos clients d'atteindre leurs objectifs et de r\u00e9aliser leurs aspirations.<\/p>\n\t\t\t\t<\/div>\n\t\t\t<\/div><\/div>\t\t\t\t<\/div>\n\t\t\t\t<div class=\"elementor-element elementor-element-423c412f elementor-widget__width-initial elementor-widget-mobile__width-inherit elementor-invisible elementor-widget elementor-widget-elementskit-team\" data-id=\"423c412f\" data-element_type=\"widget\" data-e-type=\"widget\" data-settings=\"{&quot;_animation&quot;:&quot;fadeInUp&quot;,&quot;_animation_delay&quot;:&quot;100&quot;,&quot;ekit_we_effect_on&quot;:&quot;none&quot;}\" data-widget_type=\"elementskit-team.default\">\n\t\t\t\t<div class=\"elementor-widget-container\">\n\t\t\t\t\t<div class=\"ekit-wid-con\">\t\t\t\t\t\t\t\t\n\t\t<div class=\"profile-card elementor-animation- text-center ekit-team-style-default\">\n\t\t\t\n\t\t\t\t<div class=\"profile-header ekit-team-img ekit-img-overlay ekit-team-img-block\" >\n\t\t\t\t\t<img decoding=\"async\" src=\"https:\/\/lamismarketing.com\/wp-content\/uploads\/elementor\/thumbs\/Khaled-rgkvfckgnwdnb1ih0vvhuy8vhg2fsa97zl1m7oeslg.jpeg\" title=\"Khaled\" alt=\"Khaled\" loading=\"lazy\" \/>\t\t\t\t<\/div><!-- .profile-header END -->\n\t\t\t\n\n\t\t\t\t<div class=\"profile-body\">\n\t\t\t\t\t\n\t\t\t\t\t<h2 class=\"profile-title\">\n\t\t\t\t\t\t\t\t\t\t\tKhaled Al-Kilani\t\t\t\t\t\t\t\t\t\t<\/h2>\n\t\t\t\t\t<p class=\"profile-designation\">Directeur g\u00e9n\u00e9ral<\/p>\n\t\t\t\t\t\t\t\t\t<\/div><!-- .profile-body END -->\n\n\t\t\t\t\t\t\t\t<\/div>\n\t\t\t\t\t\t\t\n\t\t\t\n\t\t\t\t<\/div>\t\t\t\t<\/div>\n\t\t\t\t<\/div>\n\t\t\t\t<div class=\"elementor-element elementor-element-f07b2e1 elementor-widget__width-initial elementor-widget-mobile__width-inherit elementor-invisible elementor-widget elementor-widget-elementskit-team\" data-id=\"f07b2e1\" data-element_type=\"widget\" data-e-type=\"widget\" data-settings=\"{&quot;_animation&quot;:&quot;fadeInUp&quot;,&quot;_animation_delay&quot;:&quot;100&quot;,&quot;ekit_we_effect_on&quot;:&quot;none&quot;}\" data-widget_type=\"elementskit-team.default\">\n\t\t\t\t<div class=\"elementor-widget-container\">\n\t\t\t\t\t<div class=\"ekit-wid-con\">\t\t\t\t\t\t\t\t\n\t\t<div class=\"profile-card elementor-animation- text-center ekit-team-style-default\">\n\t\t\t\n\t\t\t\t<div class=\"profile-header ekit-team-img ekit-img-overlay ekit-team-img-block\" >\n\t\t\t\t\t<img decoding=\"async\" src=\"https:\/\/lamismarketing.com\/wp-content\/uploads\/elementor\/thumbs\/Amani-rgkvgu59hgf7vgad2gi7px25hy41hdye8cffdmtcd0.jpeg\" title=\"Amani\" alt=\"Amani\" loading=\"lazy\" \/>\t\t\t\t<\/div><!-- .profile-header END -->\n\t\t\t\n\n\t\t\t\t<div class=\"profile-body\">\n\t\t\t\t\t\n\t\t\t\t\t<h2 class=\"profile-title\">\n\t\t\t\t\t\t\t\t\t\t\tAmani Al-Shoubaki\t\t\t\t\t\t\t\t\t\t<\/h2>\n\t\t\t\t\t<p class=\"profile-designation\">Directeur G\u00e9n\u00e9ral Adjoint<\/p>\n\t\t\t\t\t\t\t\t\t<\/div><!-- .profile-body END -->\n\n\t\t\t\t\t\t\t\t<\/div>\n\t\t\t\t\t\t\t\n\t\t\t\n\t\t\t\t<\/div>\t\t\t\t<\/div>\n\t\t\t\t<\/div>\n\t\t\t\t<div class=\"elementor-element elementor-element-c5991e9 elementor-widget__width-initial elementor-widget-mobile__width-inherit elementor-invisible elementor-widget elementor-widget-elementskit-team\" data-id=\"c5991e9\" data-element_type=\"widget\" data-e-type=\"widget\" data-settings=\"{&quot;_animation&quot;:&quot;fadeInUp&quot;,&quot;_animation_delay&quot;:&quot;100&quot;,&quot;ekit_we_effect_on&quot;:&quot;none&quot;}\" data-widget_type=\"elementskit-team.default\">\n\t\t\t\t<div class=\"elementor-widget-container\">\n\t\t\t\t\t<div class=\"ekit-wid-con\">\t\t\t\t\t\t\t\t\n\t\t<div class=\"profile-card elementor-animation- text-center ekit-team-style-default\">\n\t\t\t\n\t\t\t\t<div class=\"profile-header ekit-team-img ekit-img-overlay ekit-team-img-block\" >\n\t\t\t\t\t<img decoding=\"async\" src=\"https:\/\/lamismarketing.com\/wp-content\/uploads\/elementor\/thumbs\/Majdi-rgkvgf3ug3uej1yhruj776iru8shjvi7svsiw0tnic.jpeg\" title=\"Majdi\" alt=\"Majdi\" loading=\"lazy\" \/>\t\t\t\t<\/div><!-- .profile-header END -->\n\t\t\t\n\n\t\t\t\t<div class=\"profile-body\">\n\t\t\t\t\t\n\t\t\t\t\t<h2 class=\"profile-title\">\n\t\t\t\t\t\t\t\t\t\t\tMajdi Al-Adaili\t\t\t\t\t\t\t\t\t\t<\/h2>\n\t\t\t\t\t<p class=\"profile-designation\">Directeur Financier<\/p>\n\t\t\t\t\t\t\t\t\t<\/div><!-- .profile-body END -->\n\n\t\t\t\t\t\t\t\t<\/div>\n\t\t\t\t\t\t\t\n\t\t\t\n\t\t\t\t<\/div>\t\t\t\t<\/div>\n\t\t\t\t<\/div>\n\t\t\t\t<div class=\"elementor-element elementor-element-64ff499f elementor-widget__width-initial elementor-widget-mobile__width-inherit elementor-invisible elementor-widget elementor-widget-elementskit-team\" data-id=\"64ff499f\" data-element_type=\"widget\" data-e-type=\"widget\" data-settings=\"{&quot;_animation&quot;:&quot;fadeInUp&quot;,&quot;_animation_delay&quot;:&quot;100&quot;,&quot;ekit_we_effect_on&quot;:&quot;none&quot;}\" data-widget_type=\"elementskit-team.default\">\n\t\t\t\t<div class=\"elementor-widget-container\">\n\t\t\t\t\t<div class=\"ekit-wid-con\">\t\t\t\t\t\t\t\t\n\t\t<div class=\"profile-card elementor-animation- text-center ekit-team-style-default\">\n\t\t\t\n\t\t\t\t<div class=\"profile-header ekit-team-img ekit-img-overlay ekit-team-img-block\" >\n\t\t\t\t\t<img decoding=\"async\" src=\"https:\/\/lamismarketing.com\/wp-content\/uploads\/elementor\/thumbs\/Manal-1-rgkw1xmuvlao9qpg55bs9r2lbqqxqgx1fdcmc0x938.jpeg\" title=\"Manal\" alt=\"Manal\" loading=\"lazy\" \/>\t\t\t\t<\/div><!-- .profile-header END -->\n\t\t\t\n\n\t\t\t\t<div class=\"profile-body\">\n\t\t\t\t\t\n\t\t\t\t\t<h2 class=\"profile-title\">\n\t\t\t\t\t\t\t\t\t\t\tManal Al-Najjar\t\t\t\t\t\t\t\t\t\t<\/h2>\n\t\t\t\t\t<p class=\"profile-designation\">Responsable de Compte<\/p>\n\t\t\t\t\t\t\t\t\t<\/div><!-- .profile-body END -->\n\n\t\t\t\t\t\t\t\t<\/div>\n\t\t\t\t\t\t\t\n\t\t\t\n\t\t\t\t<\/div>\t\t\t\t<\/div>\n\t\t\t\t<\/div>\n\t\t\t\t<div class=\"elementor-element elementor-element-5ea992c5 elementor-widget__width-initial elementor-widget-mobile__width-inherit elementor-invisible elementor-widget elementor-widget-elementskit-team\" data-id=\"5ea992c5\" data-element_type=\"widget\" data-e-type=\"widget\" data-settings=\"{&quot;_animation&quot;:&quot;fadeInUp&quot;,&quot;_animation_delay&quot;:&quot;100&quot;,&quot;ekit_we_effect_on&quot;:&quot;none&quot;}\" data-widget_type=\"elementskit-team.default\">\n\t\t\t\t<div class=\"elementor-widget-container\">\n\t\t\t\t\t<div class=\"ekit-wid-con\">\t\t\t\t\t\t\t\t\n\t\t<div class=\"profile-card elementor-animation- text-center ekit-team-style-default\">\n\t\t\t\n\t\t\t\t<div class=\"profile-header ekit-team-img ekit-img-overlay ekit-team-img-block\" >\n\t\t\t\t\t<img decoding=\"async\" src=\"https:\/\/lamismarketing.com\/wp-content\/uploads\/elementor\/thumbs\/Rawan-Photo-rgkvvozfi6r78li70k372jcfe1cmrecb5tzcu6tuaw.jpeg\" title=\"Rawan Photo\" alt=\"Rawan Photo\" loading=\"lazy\" \/>\t\t\t\t<\/div><!-- .profile-header END -->\n\t\t\t\n\n\t\t\t\t<div class=\"profile-body\">\n\t\t\t\t\t\n\t\t\t\t\t<h2 class=\"profile-title\">\n\t\t\t\t\t\t\t\t\t\t\tRawan Sahawneh\t\t\t\t\t\t\t\t\t\t<\/h2>\n\t\t\t\t\t<p class=\"profile-designation\">Responsable de Compte<\/p>\n\t\t\t\t\t\t\t\t\t<\/div><!-- .profile-body END -->\n\n\t\t\t\t\t\t\t\t<\/div>\n\t\t\t\t\t\t\t\n\t\t\t\n\t\t\t\t<\/div>\t\t\t\t<\/div>\n\t\t\t\t<\/div>\n\t\t\t\t<div class=\"elementor-element elementor-element-3bedb439 elementor-widget__width-initial elementor-widget-mobile__width-inherit elementor-invisible elementor-widget elementor-widget-elementskit-team\" data-id=\"3bedb439\" data-element_type=\"widget\" data-e-type=\"widget\" data-settings=\"{&quot;_animation&quot;:&quot;fadeInUp&quot;,&quot;_animation_delay&quot;:&quot;100&quot;,&quot;ekit_we_effect_on&quot;:&quot;none&quot;}\" data-widget_type=\"elementskit-team.default\">\n\t\t\t\t<div class=\"elementor-widget-container\">\n\t\t\t\t\t<div class=\"ekit-wid-con\">\t\t\t\t\t\t\t\t\n\t\t<div class=\"profile-card elementor-animation- text-center ekit-team-style-default\">\n\t\t\t\n\t\t\t\t<div class=\"profile-header ekit-team-img ekit-img-overlay ekit-team-img-block\" >\n\t\t\t\t\t<img decoding=\"async\" src=\"https:\/\/lamismarketing.com\/wp-content\/uploads\/elementor\/thumbs\/Rozan-1-rgkwrmk1okgxpcuszgv64ou5xnsydtb5h8dyyw4uto.jpeg\" title=\"Rozan\" alt=\"Rozan\" loading=\"lazy\" \/>\t\t\t\t<\/div><!-- .profile-header END -->\n\t\t\t\n\n\t\t\t\t<div class=\"profile-body\">\n\t\t\t\t\t\n\t\t\t\t\t<h2 class=\"profile-title\">\n\t\t\t\t\t\t\t\t\t\t\tRozan Darabseh\t\t\t\t\t\t\t\t\t\t<\/h2>\n\t\t\t\t\t<p class=\"profile-designation\">Service Client\u00e8le<\/p>\n\t\t\t\t\t\t\t\t\t<\/div><!-- .profile-body END -->\n\n\t\t\t\t\t\t\t\t<\/div>\n\t\t\t\t\t\t\t\n\t\t\t\n\t\t\t\t<\/div>\t\t\t\t<\/div>\n\t\t\t\t<\/div>\n\t\t\t\t\t<\/div>\n\t\t<\/div>\n\t\t\t\t\t<\/div>\n\t\t<\/section>\n\t\t\t\t<\/div>\n\t\t\n    <div class=\"xs_social_share_widget xs_share_url after_content \t\tmain_content  wslu-style-1 wslu-share-box-shaped wslu-fill-colored wslu-none wslu-share-horizontal wslu-theme-font-yes wslu-main_content\">\n\n\t\t\n        <ul>\n\t\t\t        <\/ul>\n    <\/div>","protected":false},"excerpt":{"rendered":"<p>Team Meet Honorable Members Our team consists of a dedicated group of experts specializing in marketing tourist destinations. Driven by a shared passion for transforming locations into thriving tourist hubs, through innovative and comprehensive marketing strategies tailored to our clients&#8217; needs. With extensive experience in operations management and consulting, our team provides practical and impactful [&hellip;]<\/p>","protected":false},"author":1,"featured_media":0,"parent":0,"menu_order":0,"comment_status":"closed","ping_status":"closed","template":"","meta":{"footnotes":""},"class_list":["post-951","page","type-page","status-publish","hentry"],"yoast_head":"<!-- This site is optimized with the Yoast SEO Premium plugin v24.5 (Yoast SEO v26.2) - https:\/\/yoast.com\/wordpress\/plugins\/seo\/ -->\n<title>Our Team - Lamis marketing Meet the Lamis Marketing Team<\/title>\n<meta name=\"description\" content=\"Meet the dedicated professionals behind Lamis Marketing. Our expert team is committed to driving your business success with customized marketing solutions.\" \/>\n<meta name=\"robots\" content=\"index, follow, max-snippet:-1, max-image-preview:large, max-video-preview:-1\" \/>\n<link rel=\"canonical\" href=\"https:\/\/lamismarketing.com\/fr\/our-team\/\" \/>\n<meta property=\"og:locale\" content=\"fr_FR\" \/>\n<meta property=\"og:type\" content=\"article\" \/>\n<meta property=\"og:title\" content=\"Our Team\" \/>\n<meta property=\"og:description\" content=\"Meet the dedicated professionals behind Lamis Marketing. Our expert team is committed to driving your business success with customized marketing solutions.\" \/>\n<meta property=\"og:url\" content=\"https:\/\/lamismarketing.com\/fr\/our-team\/\" \/>\n<meta property=\"og:site_name\" content=\"Lamis marketing\" \/>\n<meta property=\"article:publisher\" content=\"https:\/\/www.facebook.com\/Lamismarketing?mibextid=wwXIfr&amp;rdid=wsXpLeqdmK4Fu7rI&amp;share_url=httpswww.facebook.comshare18m4xRadLBmibextidwwXIfr&amp;_rdc=2&amp;_rdr#\" \/>\n<meta property=\"article:modified_time\" content=\"2026-04-06T08:53:57+00:00\" \/>\n<meta property=\"og:image\" content=\"https:\/\/lamismarketing.com\/wp-content\/uploads\/elementor\/thumbs\/Khaled-rgkvfckgnwdnb1ih0vvhuy8vhg2fsa97zl1m7oeslg.jpeg\" \/>\n<meta name=\"twitter:card\" content=\"summary_large_image\" \/>\n<meta name=\"twitter:label1\" content=\"Dur\u00e9e de lecture estim\u00e9e\" \/>\n\t<meta name=\"twitter:data1\" content=\"2 minutes\" \/>\n<script type=\"application\/ld+json\" class=\"yoast-schema-graph\">{\"@context\":\"https:\/\/schema.org\",\"@graph\":[{\"@type\":\"WebPage\",\"@id\":\"https:\/\/lamismarketing.com\/our-team\/\",\"url\":\"https:\/\/lamismarketing.com\/our-team\/\",\"name\":\"Our Team - Lamis marketing Meet the Lamis Marketing Team\",\"isPartOf\":{\"@id\":\"https:\/\/lamismarketing.com\/#website\"},\"primaryImageOfPage\":{\"@id\":\"https:\/\/lamismarketing.com\/our-team\/#primaryimage\"},\"image\":{\"@id\":\"https:\/\/lamismarketing.com\/our-team\/#primaryimage\"},\"thumbnailUrl\":\"https:\/\/lamismarketing.com\/wp-content\/uploads\/elementor\/thumbs\/Khaled-rgkvfckgnwdnb1ih0vvhuy8vhg2fsa97zl1m7oeslg.jpeg\",\"datePublished\":\"2024-12-30T10:30:53+00:00\",\"dateModified\":\"2026-04-06T08:53:57+00:00\",\"description\":\"Meet the dedicated professionals behind Lamis Marketing. Our expert team is committed to driving your business success with customized marketing solutions.\",\"breadcrumb\":{\"@id\":\"https:\/\/lamismarketing.com\/our-team\/#breadcrumb\"},\"inLanguage\":\"fr-FR\",\"potentialAction\":[{\"@type\":\"ReadAction\",\"target\":[\"https:\/\/lamismarketing.com\/our-team\/\"]}]},{\"@type\":\"ImageObject\",\"inLanguage\":\"fr-FR\",\"@id\":\"https:\/\/lamismarketing.com\/our-team\/#primaryimage\",\"url\":\"https:\/\/lamismarketing.com\/wp-content\/uploads\/elementor\/thumbs\/Khaled-rgkvfckgnwdnb1ih0vvhuy8vhg2fsa97zl1m7oeslg.jpeg\",\"contentUrl\":\"https:\/\/lamismarketing.com\/wp-content\/uploads\/elementor\/thumbs\/Khaled-rgkvfckgnwdnb1ih0vvhuy8vhg2fsa97zl1m7oeslg.jpeg\"},{\"@type\":\"BreadcrumbList\",\"@id\":\"https:\/\/lamismarketing.com\/our-team\/#breadcrumb\",\"itemListElement\":[{\"@type\":\"ListItem\",\"position\":1,\"name\":\"Home\",\"item\":\"https:\/\/lamismarketing.com\/\"},{\"@type\":\"ListItem\",\"position\":2,\"name\":\"Our Team\"}]},{\"@type\":\"WebSite\",\"@id\":\"https:\/\/lamismarketing.com\/#website\",\"url\":\"https:\/\/lamismarketing.com\/\",\"name\":\"Lamis marketing\",\"description\":\"\",\"potentialAction\":[{\"@type\":\"SearchAction\",\"target\":{\"@type\":\"EntryPoint\",\"urlTemplate\":\"https:\/\/lamismarketing.com\/?s={search_term_string}\"},\"query-input\":{\"@type\":\"PropertyValueSpecification\",\"valueRequired\":true,\"valueName\":\"search_term_string\"}}],\"inLanguage\":\"fr-FR\"}]}<\/script>\n<!-- \/ Yoast SEO Premium plugin. -->","yoast_head_json":{"title":"Our Team - Lamis marketing Meet the Lamis Marketing Team","description":"Meet the dedicated professionals behind Lamis Marketing. Our expert team is committed to driving your business success with customized marketing solutions.","robots":{"index":"index","follow":"follow","max-snippet":"max-snippet:-1","max-image-preview":"max-image-preview:large","max-video-preview":"max-video-preview:-1"},"canonical":"https:\/\/lamismarketing.com\/fr\/our-team\/","og_locale":"fr_FR","og_type":"article","og_title":"Our Team","og_description":"Meet the dedicated professionals behind Lamis Marketing. Our expert team is committed to driving your business success with customized marketing solutions.","og_url":"https:\/\/lamismarketing.com\/fr\/our-team\/","og_site_name":"Lamis marketing","article_publisher":"https:\/\/www.facebook.com\/Lamismarketing?mibextid=wwXIfr&rdid=wsXpLeqdmK4Fu7rI&share_url=httpswww.facebook.comshare18m4xRadLBmibextidwwXIfr&_rdc=2&_rdr#","article_modified_time":"2026-04-06T08:53:57+00:00","og_image":[{"url":"https:\/\/lamismarketing.com\/wp-content\/uploads\/elementor\/thumbs\/Khaled-rgkvfckgnwdnb1ih0vvhuy8vhg2fsa97zl1m7oeslg.jpeg","type":"","width":"","height":""}],"twitter_card":"summary_large_image","twitter_misc":{"Dur\u00e9e de lecture estim\u00e9e":"2 minutes"},"schema":{"@context":"https:\/\/schema.org","@graph":[{"@type":"WebPage","@id":"https:\/\/lamismarketing.com\/our-team\/","url":"https:\/\/lamismarketing.com\/our-team\/","name":"Our Team - Lamis marketing Meet the Lamis Marketing Team","isPartOf":{"@id":"https:\/\/lamismarketing.com\/#website"},"primaryImageOfPage":{"@id":"https:\/\/lamismarketing.com\/our-team\/#primaryimage"},"image":{"@id":"https:\/\/lamismarketing.com\/our-team\/#primaryimage"},"thumbnailUrl":"https:\/\/lamismarketing.com\/wp-content\/uploads\/elementor\/thumbs\/Khaled-rgkvfckgnwdnb1ih0vvhuy8vhg2fsa97zl1m7oeslg.jpeg","datePublished":"2024-12-30T10:30:53+00:00","dateModified":"2026-04-06T08:53:57+00:00","description":"Meet the dedicated professionals behind Lamis Marketing. Our expert team is committed to driving your business success with customized marketing solutions.","breadcrumb":{"@id":"https:\/\/lamismarketing.com\/our-team\/#breadcrumb"},"inLanguage":"fr-FR","potentialAction":[{"@type":"ReadAction","target":["https:\/\/lamismarketing.com\/our-team\/"]}]},{"@type":"ImageObject","inLanguage":"fr-FR","@id":"https:\/\/lamismarketing.com\/our-team\/#primaryimage","url":"https:\/\/lamismarketing.com\/wp-content\/uploads\/elementor\/thumbs\/Khaled-rgkvfckgnwdnb1ih0vvhuy8vhg2fsa97zl1m7oeslg.jpeg","contentUrl":"https:\/\/lamismarketing.com\/wp-content\/uploads\/elementor\/thumbs\/Khaled-rgkvfckgnwdnb1ih0vvhuy8vhg2fsa97zl1m7oeslg.jpeg"},{"@type":"BreadcrumbList","@id":"https:\/\/lamismarketing.com\/our-team\/#breadcrumb","itemListElement":[{"@type":"ListItem","position":1,"name":"Home","item":"https:\/\/lamismarketing.com\/"},{"@type":"ListItem","position":2,"name":"Our Team"}]},{"@type":"WebSite","@id":"https:\/\/lamismarketing.com\/#website","url":"https:\/\/lamismarketing.com\/","name":"Lamis marketing","description":"","potentialAction":[{"@type":"SearchAction","target":{"@type":"EntryPoint","urlTemplate":"https:\/\/lamismarketing.com\/?s={search_term_string}"},"query-input":{"@type":"PropertyValueSpecification","valueRequired":true,"valueName":"search_term_string"}}],"inLanguage":"fr-FR"}]}},"_links":{"self":[{"href":"https:\/\/lamismarketing.com\/fr\/wp-json\/wp\/v2\/pages\/951","targetHints":{"allow":["GET"]}}],"collection":[{"href":"https:\/\/lamismarketing.com\/fr\/wp-json\/wp\/v2\/pages"}],"about":[{"href":"https:\/\/lamismarketing.com\/fr\/wp-json\/wp\/v2\/types\/page"}],"author":[{"embeddable":true,"href":"https:\/\/lamismarketing.com\/fr\/wp-json\/wp\/v2\/users\/1"}],"replies":[{"embeddable":true,"href":"https:\/\/lamismarketing.com\/fr\/wp-json\/wp\/v2\/comments?post=951"}],"version-history":[{"count":51,"href":"https:\/\/lamismarketing.com\/fr\/wp-json\/wp\/v2\/pages\/951\/revisions"}],"predecessor-version":[{"id":5076,"href":"https:\/\/lamismarketing.com\/fr\/wp-json\/wp\/v2\/pages\/951\/revisions\/5076"}],"wp:attachment":[{"href":"https:\/\/lamismarketing.com\/fr\/wp-json\/wp\/v2\/media?parent=951"}],"curies":[{"name":"wp","href":"https:\/\/api.w.org\/{rel}","templated":true}]}}